{"id":36,"date":"2021-12-28T14:26:20","date_gmt":"2021-12-28T13:26:20","guid":{"rendered":"https:\/\/clara.akreuzkamp.de\/?page_id=36"},"modified":"2026-01-16T14:15:30","modified_gmt":"2026-01-16T13:15:30","slug":"ueber-uns","status":"publish","type":"page","link":"https:\/\/clarakreuzkamp.de\/?page_id=36","title":{"rendered":"Biographie"},"content":{"rendered":"\t\t\t\t\t<div\n\t\t\t\t\t\tclass=\"wp-block-uagb-image-gallery uagb-block-eb0d67e8     \"\n\t\t\t\t\t\tstyle=\"\"\n\t\t\t\t\t>\n\t\t\t\t\t\t\t\t\t\t\t<div class=\"spectra-image-gallery spectra-image-gallery__layout--masonry spectra-image-gallery__layout--masonry-col-1 spectra-image-gallery__layout--masonry-col-tab-1 spectra-image-gallery__layout--masonry-col-mob-1\">\n\t\t\t\t\t\t\t\t\t\t\t<div class='spectra-image-gallery__media-wrapper--isotope'>\n\t\t\t\t\t\t\t<div class='spectra-image-gallery__media-wrapper' data-spectra-gallery-image-id='453'>\n\t\t\t\t\t\t\t<div class=\"spectra-image-gallery__media spectra-image-gallery__media--masonry\">\n\t\t\t\t<picture>\n\t\t\t\t\t<source media=\"(min-width: 1024px)\" srcset=\"https:\/\/clarakreuzkamp.de\/wp-content\/uploads\/2026\/01\/Querbild-2-1024x512.jpg\">\n\t\t\t\t\t<source media=\"(min-width: 768px)\" srcset=\"https:\/\/clarakreuzkamp.de\/wp-content\/uploads\/2026\/01\/Querbild-2-1024x512.jpg\">\n\t\t\t\t\t<img decoding=\"async\" class=\"spectra-image-gallery__media-thumbnail spectra-image-gallery__media-thumbnail--masonry\" src=\"https:\/\/clarakreuzkamp.de\/wp-content\/uploads\/2026\/01\/Querbild-2-300x150.jpg\" alt=\"\" loading=\"lazy\" \/>\n\t\t\t\t<\/picture>\n\t\t\t\t<div class=\"spectra-image-gallery__media-thumbnail-blurrer\"><\/div>\n\t\t\t\t\t\t\t\t\t\t\t<div class=\"spectra-image-gallery__media-thumbnail-caption-wrapper spectra-image-gallery__media-thumbnail-caption-wrapper--overlay\">\n\t\t\t\t\t\t\t\t\t\t\t<div class=\"spectra-image-gallery__media-thumbnail-caption spectra-image-gallery__media-thumbnail-caption--overlay\">\n\t\t\t\t\t(c) Carla Schleiffer\t\t\t\t<\/div>\n\t\t\t\t\t\t\t\t\t\t<\/div>\n\t\t\t\t\t\t\t\t\t<\/div>\n\t\t\t\t\t\t<\/div>\n\t\t\t\t\t\t<\/div>\n\t\t\t\t\t\t\t\t\t\t<\/div>\n\t\t\t\t\t\t\t\t\t\t\t\t\t\t\t\t\t\t<\/div>\n\t\t\t\t\t\t\t\t\t\t\t<div class='spectra-image-gallery__control-lightbox' tabindex='0'>\n\t\t\t\t\t\t\t\t\t\t\t<div class=\"swiper spectra-image-gallery__control-lightbox--main\" dir=\"\">\n\t\t\t\t\t<div class=\"swiper-wrapper\">\n\t\t\t\t\t\t\t\t\t\t\t\t\t\n\t\t\t\t\t\t\t<div class=\"swiper-slide\">\n\t\t\t\t\t\t\t\t<img class=\"swiper-lazy\" data-src=\"https:\/\/clarakreuzkamp.de\/wp-content\/uploads\/2026\/01\/Querbild-2.jpg\" alt=\"\"\/>\n\t\t\t\t\t\t\t\t<div class=\"swiper-lazy-preloader swiper-lazy-preloader-white\"><\/div>\n\t\t\t\t\t\t\t\t\t\t\t\t\t\t\t<\/div>\n\t\t\t\t\t\t\t\t\t\t\t<\/div>\n\t\t\t\t\t<div class=\"swiper-button-next\"><\/div>\n\t\t\t\t\t<div class=\"swiper-button-prev\"><\/div>\n\t\t\t\t<\/div>\t\t\t\n\t\t\t\t\t\t\t\t\t\t\t\t\t\t\t\t\t\t\t\t\t\t\t\t\t\t\t\t\t\t\t\t<button class='spectra-image-gallery__control-lightbox--close'>\n\t\t\t\t\t\t\t\t\t\t\t\t\t<svg xmlns=\"https:\/\/www.w3.org\/2000\/svg\" viewBox= \"0 0 320 512\"><path d=\"M310.6 361.4c12.5 12.5 12.5 32.75 0 45.25C304.4 412.9 296.2 416 288 416s-16.38-3.125-22.62-9.375L160 301.3L54.63 406.6C48.38 412.9 40.19 416 32 416S15.63 412.9 9.375 406.6c-12.5-12.5-12.5-32.75 0-45.25l105.4-105.4L9.375 150.6c-12.5-12.5-12.5-32.75 0-45.25s32.75-12.5 45.25 0L160 210.8l105.4-105.4c12.5-12.5 32.75-12.5 45.25 0s12.5 32.75 0 45.25l-105.4 105.4L310.6 361.4z\"><\/path><\/svg>\n\t\t\t\t\t\t\t\t\t\t\t\t<\/button>\n\t\t\t\t\t\t\t\t\t\t\t\t\t<\/div>\n\t\t\t\t\t\t\t\t\t\n\n\n<p><\/p>\n\n\n\n<p><\/p>\n\n\n\n<p>Die in Friedberg (Hessen) geborene Mezzosopranistin <strong>Clara Kreuzkamp<\/strong> ist eine gefragte Opern- und Konzerts\u00e4ngerin. Sie \u00fcberzeugt mit einer warmen, farbenreichen Stimme, gro\u00dfer musikalischer Ausdruckskraft und lebendiger B\u00fchnenpr\u00e4senz.<\/p>\n\n\n\n<p>Seit Beginn ihres Masterstudiums im Winter 2022 an der <strong>Hochschule f\u00fcr Musik und Darstellende Kunst Frankfurt<\/strong> bei <strong>Prof. Thomas Heyer<\/strong> gastiert sie regelm\u00e4\u00dfig am <strong>Staatstheater Darmstadt<\/strong>. Seit 2024 ist sie au\u00dferdem als Aushilfe beim <strong>WDR Rundfunkchor<\/strong> und seit dieser Spielzeit auch im Opernchor des <strong>Saarl\u00e4ndischen Staatstheaters<\/strong> zu erleben.<\/p>\n\n\n\n<p>Die junge S\u00e4ngerin wirkte bereits in zahlreichen Opernproduktionen mit, neben den oben genannten H\u00e4usern unter anderem auch an der <strong>Oper Frankfurt<\/strong> und am <strong>Landestheater Detmold<\/strong>. Zu ihren j\u00fcngsten Partien z\u00e4hlen Tirsi in dem fr\u00fchklassischen Sch\u00e4ferspiel <em>Der Triumph der Treue<\/em> von <em>Maria Antonia Walpurgis<\/em> sowie Magician in der zeitgen\u00f6ssischen Musiktheaterproduktion <em>Oper Otze Axt<\/em> von <em>Dritte Degeneration Ost<\/em>.<\/p>\n\n\n\n<p>Neben ihren Opernengagements ist sie regelm\u00e4\u00dfig als Konzerts\u00e4ngerin t\u00e4tig und \u00fcberzeugt auch dort mit einem breit gef\u00e4cherten Repertoire. Zuletzt war sie mehrfach mit Werken von Johann Sebastian Bach zu h\u00f6ren, unter anderem als Solistin im <em>Weihnachtsoratorium<\/em> in der Pauluskirche Darmstadt sowie mit dem <em>Symbolum Nicenum<\/em> im Dom zu Speyer.<\/p>\n\n\n\n<p>Ihr musikalischer Werdegang begann mit einem Studium der Musikwissenschaft an der Humboldt-Universit\u00e4t zu Berlin, w\u00e4hrend sie sich als Stipendiatin der Musikschule Paul Hindemith Berlin-Neuk\u00f6lln intensiv auf ihr Gesangsstudium vorbereitete. Ihren Bachelor absolvierte sie zun\u00e4chst an der Hochschule f\u00fcr Musik Detmold bei Prof. Markus K\u00f6hler und schloss ihn an der Hochschule f\u00fcr Musik und Darstellende Kunst Frankfurt bei Prof. Thomas Heyer ab, wo sie anschlie\u00dfend auch ihren Masterabschluss erwarb.<\/p>\n\n\n\n<p>Wichtige k\u00fcnstlerische Impulse erhielt sie in Meisterkursen bei <strong>Prof. Michelle Breedt<\/strong>, <strong>Prof. Britta Schwarz<\/strong> und <strong>Prof. Peter Kreutz<\/strong>.<\/p>\n","protected":false},"excerpt":{"rendered":"<p>Die in Friedberg (Hessen) geborene Mezzosopranistin Clara Kreuzkamp ist eine gefragte Opern- und Konzerts\u00e4ngerin. Sie \u00fcberzeugt mit einer warmen, farbenreichen Stimme, gro\u00dfer musikalischer Ausdruckskraft und lebendiger B\u00fchnenpr\u00e4senz. Seit Beginn ihres &hellip;<\/p>\n<p class=\"read-more\"> <a class=\"\" href=\"https:\/\/clarakreuzkamp.de\/?page_id=36\"> <span class=\"screen-reader-text\">Biographie<\/span> Weiterlesen &raquo;<\/a><\/p>\n","protected":false},"author":1,"featured_media":0,"parent":0,"menu_order":0,"comment_status":"closed","ping_status":"closed","template":"","meta":{"_uag_custom_page_level_css":"","site-sidebar-layout":"default","site-content-layout":"","ast-site-content-layout":"default","site-content-style":"default","site-sidebar-style":"default","ast-global-header-display":"","ast-banner-title-visibility":"","ast-main-header-display":"","ast-hfb-above-header-display":"","ast-hfb-below-header-display":"","ast-hfb-mobile-header-display":"","site-post-title":"","ast-breadcrumbs-content":"","ast-featured-img":"","footer-sml-layout":"","theme-transparent-header-meta":"","adv-header-id-meta":"","stick-header-meta":"","header-above-stick-meta":"","header-main-stick-meta":"","header-below-stick-meta":"","astra-migrate-meta-layouts":"set","footnotes":""},"class_list":["post-36","page","type-page","status-publish","hentry"],"uagb_featured_image_src":{"full":false,"thumbnail":false,"medium":false,"medium_large":false,"large":false,"1536x1536":false,"2048x2048":false},"uagb_author_info":{"display_name":"clara","author_link":"https:\/\/clarakreuzkamp.de\/?author=1"},"uagb_comment_info":0,"uagb_excerpt":"Die in Friedberg (Hessen) geborene Mezzosopranistin Clara Kreuzkamp ist eine gefragte Opern- und Konzerts\u00e4ngerin. Sie \u00fcberzeugt mit einer warmen, farbenreichen Stimme, gro\u00dfer musikalischer Ausdruckskraft und lebendiger B\u00fchnenpr\u00e4senz. Seit Beginn ihres &hellip; Biographie Weiterlesen &raquo;","_links":{"self":[{"href":"https:\/\/clarakreuzkamp.de\/index.php?rest_route=\/wp\/v2\/pages\/36","targetHints":{"allow":["GET"]}}],"collection":[{"href":"https:\/\/clarakreuzkamp.de\/index.php?rest_route=\/wp\/v2\/pages"}],"about":[{"href":"https:\/\/clarakreuzkamp.de\/index.php?rest_route=\/wp\/v2\/types\/page"}],"author":[{"embeddable":true,"href":"https:\/\/clarakreuzkamp.de\/index.php?rest_route=\/wp\/v2\/users\/1"}],"replies":[{"embeddable":true,"href":"https:\/\/clarakreuzkamp.de\/index.php?rest_route=%2Fwp%2Fv2%2Fcomments&post=36"}],"version-history":[{"count":16,"href":"https:\/\/clarakreuzkamp.de\/index.php?rest_route=\/wp\/v2\/pages\/36\/revisions"}],"predecessor-version":[{"id":455,"href":"https:\/\/clarakreuzkamp.de\/index.php?rest_route=\/wp\/v2\/pages\/36\/revisions\/455"}],"wp:attachment":[{"href":"https:\/\/clarakreuzkamp.de\/index.php?rest_route=%2Fwp%2Fv2%2Fmedia&parent=36"}],"curies":[{"name":"wp","href":"https:\/\/api.w.org\/{rel}","templated":true}]}}